{"id":24,"date":"2023-12-29T16:57:13","date_gmt":"2023-12-29T16:57:13","guid":{"rendered":"https:\/\/hkreflex.flix-marketing.de\/?page_id=24"},"modified":"2024-05-02T18:25:47","modified_gmt":"2024-05-02T18:25:47","slug":"produkte","status":"publish","type":"page","link":"https:\/\/hkreflex.com\/en_en\/produkte\/","title":{"rendered":"Products"},"content":{"rendered":"<p>[et_pb_section fb_built=&#8220;1&#8243; fullwidth=&#8220;on&#8220; _builder_version=&#8220;4.23.3&#8243; _module_preset=&#8220;default&#8220; global_colors_info=&#8220;{}&#8220;][et_pb_fullwidth_slider use_bg_overlay=&#8220;off&#8220; _builder_version=&#8220;4.23.3&#8243; _module_preset=&#8220;default&#8220; global_colors_info=&#8220;{}&#8220;][et_pb_slide heading=&#8220;Produkte&#8220; use_bg_overlay=&#8220;on&#8220; _builder_version=&#8220;4.23.3&#8243; _module_preset=&#8220;default&#8220; background_enable_color=&#8220;off&#8220; background_image=&#8220;https:\/\/hkreflex.com\/wp-content\/uploads\/2024\/02\/18.png&#8220; background_enable_image=&#8220;on&#8220; global_colors_info=&#8220;{}&#8220; sticky_transition=&#8220;on&#8220;][\/et_pb_slide][\/et_pb_fullwidth_slider][\/et_pb_section][et_pb_section fb_built=&#8220;1&#8243; _builder_version=&#8220;4.23.3&#8243; _module_preset=&#8220;default&#8220; background_color=&#8220;rgba(30,31,32,0.99)&#8220; background_enable_pattern_style=&#8220;on&#8220; background_pattern_style=&#8220;cubes&#8220; global_colors_info=&#8220;{}&#8220;][et_pb_row column_structure=&#8220;1_2,1_2&#8243; make_equal=&#8220;on&#8220; _builder_version=&#8220;4.23.3&#8243; _module_preset=&#8220;default&#8220; hover_enabled=&#8220;0&#8243; global_colors_info=&#8220;{}&#8220; sticky_enabled=&#8220;0&#8243;][et_pb_column type=&#8220;1_2&#8243; _builder_version=&#8220;4.23.3&#8243; _module_preset=&#8220;default&#8220; background_color=&#8220;rgba(150,150,150,0.25)&#8220; custom_padding=&#8220;|30px|30px|30px|false|false&#8220; global_colors_info=&#8220;{}&#8220;][et_pb_slider show_content_on_mobile=&#8220;off&#8220; show_image_video_mobile=&#8220;on&#8220; _builder_version=&#8220;4.23.3&#8243; _module_preset=&#8220;default&#8220; min_height_tablet=&#8220;&#8220; min_height_phone=&#8220;&#8220; min_height_last_edited=&#8220;on|tablet&#8220; height_tablet=&#8220;550px&#8220; height_phone=&#8220;550px&#8220; height_last_edited=&#8220;on|tablet&#8220; max_height=&#8220;470px&#8220; max_height_tablet=&#8220;470px&#8220; max_height_phone=&#8220;470px&#8220; max_height_last_edited=&#8220;on|tablet&#8220; custom_margin=&#8220;||0px||false|false&#8220; animation_direction=&#8220;right&#8220; auto=&#8220;on&#8220; auto_speed=&#8220;5000&#8243; hover_enabled=&#8220;0&#8243; global_colors_info=&#8220;{}&#8220; custom_css_slide_image_last_edited=&#8220;on|tablet&#8220; custom_css_slide_image_tablet=&#8220;right: 100px;&#8220; custom_css_slide_image_phone=&#8220;right:0px;&#8220; sticky_enabled=&#8220;0&#8243;][et_pb_slide image=&#8220;https:\/\/hkreflex.com\/wp-content\/uploads\/2024\/02\/Nr.-25-bearbeitet.png&#8220; admin_title=&#8220;Nr25&#8243; _builder_version=&#8220;4.23.3&#8243; _module_preset=&#8220;default&#8220; background_color=&#8220;RGBA(255,255,255,0)&#8220; background_enable_color=&#8220;on&#8220; custom_padding=&#8220;||||false|false&#8220; global_colors_info=&#8220;{}&#8220; sticky_transition=&#8220;on&#8220;][\/et_pb_slide][et_pb_slide image=&#8220;https:\/\/hkreflex.com\/wp-content\/uploads\/2024\/02\/Nr.23-bearbeitet.png&#8220; admin_title=&#8220;Nr23&#8243; _builder_version=&#8220;4.23.3&#8243; _module_preset=&#8220;default&#8220; background_color=&#8220;RGBA(255,255,255,0)&#8220; background_enable_color=&#8220;on&#8220; global_colors_info=&#8220;{}&#8220; sticky_transition=&#8220;on&#8220;][\/et_pb_slide][et_pb_slide image=&#8220;https:\/\/hkreflex.com\/wp-content\/uploads\/2024\/02\/Nr.-10-bearbeitet.png&#8220; admin_title=&#8220;Nr10&#8243; _builder_version=&#8220;4.23.3&#8243; _module_preset=&#8220;default&#8220; background_color=&#8220;RGBA(255,255,255,0)&#8220; background_enable_color=&#8220;on&#8220; global_colors_info=&#8220;{}&#8220; sticky_transition=&#8220;on&#8220;][\/et_pb_slide][et_pb_slide image=&#8220;https:\/\/hkreflex.com\/wp-content\/uploads\/2024\/02\/Nr.-37-bearbeitet.png&#8220; admin_title=&#8220;Nr37&#8243; _builder_version=&#8220;4.23.3&#8243; _module_preset=&#8220;default&#8220; background_color=&#8220;RGBA(255,255,255,0)&#8220; background_enable_color=&#8220;on&#8220; global_colors_info=&#8220;{}&#8220; sticky_transition=&#8220;on&#8220;][\/et_pb_slide][et_pb_slide image=&#8220;https:\/\/hkreflex.com\/wp-content\/uploads\/2024\/02\/Nr-133-bearbeitet.png&#8220; admin_title=&#8220;Nr133&#8243; _builder_version=&#8220;4.23.3&#8243; _module_preset=&#8220;default&#8220; background_color=&#8220;RGBA(255,255,255,0)&#8220; background_enable_color=&#8220;on&#8220; global_colors_info=&#8220;{}&#8220; sticky_transition=&#8220;on&#8220;][\/et_pb_slide][et_pb_slide image=&#8220;https:\/\/hkreflex.com\/wp-content\/uploads\/2024\/02\/Nr.-120-bearbeitet.png&#8220; admin_title=&#8220;Nr120&#8243; _builder_version=&#8220;4.23.3&#8243; _module_preset=&#8220;default&#8220; background_color=&#8220;RGBA(255,255,255,0)&#8220; background_enable_color=&#8220;on&#8220; global_colors_info=&#8220;{}&#8220; sticky_transition=&#8220;on&#8220;][\/et_pb_slide][\/et_pb_slider][et_pb_text _builder_version=&#8220;4.23.3&#8243; _module_preset=&#8220;default&#8220; text_text_color=&#8220;#FFFFFF&#8220; header_text_color=&#8220;#FFFFFF&#8220; header_4_text_color=&#8220;#FFFFFF&#8220; custom_margin=&#8220;||20px||false|false&#8220; custom_padding=&#8220;0px||0px||false|false&#8220; global_colors_info=&#8220;{}&#8220;]<\/p>\n<h4>High performance electroforms with flat surface for reflectors that meet or exceed ECE, SAE, and CCC regulations.<\/h4>\n<div class=\"et_pb_slide_content\">\n<p><span style=\"color: #ffffff;\">An important component of our product range is standardized high performance electroforms, flat without contour.<\/span><\/p>\n<\/div>\n<p>[\/et_pb_text][et_pb_button button_url=&#8220;https:\/\/hkreflex.com\/standard-galvanos\/&#8220; button_text=&#8220;Produkte&#8220; button_alignment=&#8220;center&#8220; _builder_version=&#8220;4.23.3&#8243; _module_preset=&#8220;default&#8220; global_colors_info=&#8220;{}&#8220;][\/et_pb_button][\/et_pb_column][et_pb_column type=&#8220;1_2&#8243; _builder_version=&#8220;4.23.3&#8243; _module_preset=&#8220;default&#8220; background_color=&#8220;rgba(150,150,150,0.25)&#8220; custom_padding=&#8220;|30px|30px|30px|false|false&#8220; global_colors_info=&#8220;{}&#8220;][et_pb_slider show_content_on_mobile=&#8220;off&#8220; show_image_video_mobile=&#8220;on&#8220; _builder_version=&#8220;4.23.3&#8243; _module_preset=&#8220;default&#8220; background_color=&#8220;RGBA(255,255,255,0)&#8220; height_tablet=&#8220;330px&#8220; height_phone=&#8220;330px&#8220; height_last_edited=&#8220;on|tablet&#8220; custom_margin=&#8220;||20px||false|false&#8220; custom_margin_tablet=&#8220;||0px||false|false&#8220; custom_margin_phone=&#8220;||0px||false|false&#8220; custom_margin_last_edited=&#8220;on|phone&#8220; custom_padding=&#8220;||0px||false|false&#8220; auto=&#8220;on&#8220; hover_enabled=&#8220;0&#8243; global_colors_info=&#8220;{}&#8220; custom_css_slide_image_last_edited=&#8220;on|tablet&#8220; custom_css_slide_image_tablet=&#8220;right: 100px;&#8220; custom_css_slide_image_phone=&#8220;right:0px;&#8220; sticky_enabled=&#8220;0&#8243;][et_pb_slide image=&#8220;https:\/\/hkreflex.com\/wp-content\/uploads\/2024\/02\/8-1.png&#8220; _builder_version=&#8220;4.23.3&#8243; _module_preset=&#8220;default&#8220; background_enable_color=&#8220;off&#8220; custom_padding=&#8220;||||false|false&#8220; global_colors_info=&#8220;{}&#8220; sticky_transition=&#8220;on&#8220;][\/et_pb_slide][et_pb_slide image=&#8220;https:\/\/hkreflex.com\/wp-content\/uploads\/2024\/01\/2177-RH-nbg.png&#8220; _builder_version=&#8220;4.23.3&#8243; _module_preset=&#8220;default&#8220; background_enable_color=&#8220;off&#8220; global_colors_info=&#8220;{}&#8220; sticky_transition=&#8220;on&#8220;][\/et_pb_slide][et_pb_slide image=&#8220;https:\/\/hkreflex.com\/wp-content\/uploads\/2024\/02\/6.png&#8220; _builder_version=&#8220;4.23.3&#8243; _module_preset=&#8220;default&#8220; background_enable_color=&#8220;off&#8220; global_colors_info=&#8220;{}&#8220; sticky_transition=&#8220;on&#8220;][\/et_pb_slide][et_pb_slide image=&#8220;https:\/\/hkreflex.com\/wp-content\/uploads\/2024\/02\/5-1.png&#8220; _builder_version=&#8220;4.23.3&#8243; _module_preset=&#8220;default&#8220; background_enable_color=&#8220;off&#8220; global_colors_info=&#8220;{}&#8220; sticky_transition=&#8220;on&#8220;][\/et_pb_slide][et_pb_slide image=&#8220;https:\/\/hkreflex.com\/wp-content\/uploads\/2024\/02\/4-1.png&#8220; _builder_version=&#8220;4.23.3&#8243; _module_preset=&#8220;default&#8220; background_enable_color=&#8220;off&#8220; global_colors_info=&#8220;{}&#8220; sticky_transition=&#8220;on&#8220;][\/et_pb_slide][et_pb_slide image=&#8220;https:\/\/hkreflex.com\/wp-content\/uploads\/2024\/02\/1-1.png&#8220; _builder_version=&#8220;4.23.3&#8243; _module_preset=&#8220;default&#8220; background_enable_color=&#8220;off&#8220; global_colors_info=&#8220;{}&#8220; sticky_transition=&#8220;on&#8220;][\/et_pb_slide][et_pb_slide image=&#8220;https:\/\/hkreflex.com\/wp-content\/uploads\/2024\/02\/2-1.png&#8220; _builder_version=&#8220;4.23.3&#8243; _module_preset=&#8220;default&#8220; background_enable_color=&#8220;off&#8220; global_colors_info=&#8220;{}&#8220; sticky_transition=&#8220;on&#8220;][\/et_pb_slide][et_pb_slide image=&#8220;https:\/\/hkreflex.com\/wp-content\/uploads\/2024\/02\/3-1.png&#8220; _builder_version=&#8220;4.23.3&#8243; _module_preset=&#8220;default&#8220; background_enable_color=&#8220;off&#8220; global_colors_info=&#8220;{}&#8220; sticky_transition=&#8220;on&#8220;][\/et_pb_slide][\/et_pb_slider][et_pb_text _builder_version=&#8220;4.23.3&#8243; _module_preset=&#8220;default&#8220; text_text_color=&#8220;#FFFFFF&#8220; header_4_text_color=&#8220;#FFFFFF&#8220; custom_margin=&#8220;0px||20px||false|false&#8220; custom_padding=&#8220;0px||0px||false|false&#8220; global_colors_info=&#8220;{}&#8220;]<\/p>\n<h4>Contoured electroforms, custom manufactured for vehicle taillights sidemarker<\/h4>\n<p>[\/et_pb_text][et_pb_button button_url=&#8220;https:\/\/hkreflex.com\/kontur-galvanos\/&#8220; button_text=&#8220;Produkte&#8220; button_alignment=&#8220;center&#8220; _builder_version=&#8220;4.23.3&#8243; _module_preset=&#8220;default&#8220; global_colors_info=&#8220;{}&#8220;][\/et_pb_button][\/et_pb_column][\/et_pb_row][et_pb_row column_structure=&#8220;1_2,1_2&#8243; make_equal=&#8220;on&#8220; _builder_version=&#8220;4.23.3&#8243; _module_preset=&#8220;default&#8220; global_colors_info=&#8220;{}&#8220;][et_pb_column type=&#8220;1_2&#8243; _builder_version=&#8220;4.23.3&#8243; _module_preset=&#8220;default&#8220; background_color=&#8220;rgba(150,150,150,0.25)&#8220; custom_padding=&#8220;|30px|30px|30px|false|false&#8220; global_colors_info=&#8220;{}&#8220;][et_pb_slider show_content_on_mobile=&#8220;off&#8220; show_image_video_mobile=&#8220;on&#8220; _builder_version=&#8220;4.23.3&#8243; _module_preset=&#8220;default&#8220; background_color=&#8220;RGBA(255,255,255,0)&#8220; height=&#8220;470px&#8220; max_height=&#8220;470px&#8220; custom_margin=&#8220;-28px||||false|false&#8220; auto=&#8220;on&#8220; hover_enabled=&#8220;0&#8243; global_colors_info=&#8220;{}&#8220; custom_css_slide_image_last_edited=&#8220;on|tablet&#8220; custom_css_slide_image_tablet=&#8220;right: 100px;&#8220; custom_css_slide_image_phone=&#8220;right:0px;&#8220; sticky_enabled=&#8220;0&#8243;][et_pb_slide image=&#8220;https:\/\/hkreflex.com\/wp-content\/uploads\/2024\/02\/Kunststoffspritzgusswerkzeug-fuer-Rueckstrahler-e1709028168369.png&#8220; admin_title=&#8220;Nr25&#8243; _builder_version=&#8220;4.23.3&#8243; _module_preset=&#8220;default&#8220; background_color=&#8220;RGBA(255,255,255,0)&#8220; background_enable_color=&#8220;on&#8220; custom_padding=&#8220;||||false|false&#8220; global_colors_info=&#8220;{}&#8220; sticky_transition=&#8220;on&#8220;][\/et_pb_slide][et_pb_slide image=&#8220;https:\/\/hkreflex.com\/wp-content\/uploads\/2024\/02\/Warndreieck-ausgeschnittenFuss-e1709224770423.png&#8220; admin_title=&#8220;Nr25&#8243; _builder_version=&#8220;4.23.3&#8243; _module_preset=&#8220;default&#8220; background_color=&#8220;RGBA(255,255,255,0)&#8220; background_enable_color=&#8220;on&#8220; custom_padding=&#8220;||||false|false&#8220; global_colors_info=&#8220;{}&#8220; sticky_transition=&#8220;on&#8220;][\/et_pb_slide][et_pb_slide image=&#8220;https:\/\/hkreflex.com\/wp-content\/uploads\/2024\/02\/Kunststoffspritzgusswerkzeug-fuer-Warndreieck-e1709224751354.png&#8220; admin_title=&#8220;Nr25&#8243; _builder_version=&#8220;4.23.3&#8243; _module_preset=&#8220;default&#8220; background_color=&#8220;RGBA(255,255,255,0)&#8220; background_enable_color=&#8220;on&#8220; max_width=&#8220;78%&#8220; custom_padding=&#8220;||||false|false&#8220; global_colors_info=&#8220;{}&#8220; sticky_transition=&#8220;on&#8220;][\/et_pb_slide][\/et_pb_slider][et_pb_text _builder_version=&#8220;4.23.3&#8243; _module_preset=&#8220;default&#8220; text_text_color=&#8220;#FFFFFF&#8220; header_text_color=&#8220;#FFFFFF&#8220; header_4_text_color=&#8220;#FFFFFF&#8220; custom_margin=&#8220;||20px||false|false&#8220; custom_padding=&#8220;0px||0px||false|false&#8220; global_colors_info=&#8220;{}&#8220;]<\/p>\n<h4 class=\"et_pb_module_heading\">Plastic injection molds for reflectors<\/h4>\n<p><span>H&amp;K reflex provides reflectors optically measured that meet or exceed ECE and SAE regulations, approved for our customers.<\/span><\/p>\n<p>[\/et_pb_text][et_pb_button button_url=&#8220;https:\/\/hkreflex.com\/kunststoff-spritzwerkzeuge\/&#8220; button_text=&#8220;Produkte&#8220; button_alignment=&#8220;center&#8220; _builder_version=&#8220;4.23.3&#8243; _module_preset=&#8220;default&#8220; global_colors_info=&#8220;{}&#8220;][\/et_pb_button][\/et_pb_column][et_pb_column type=&#8220;1_2&#8243; _builder_version=&#8220;4.23.3&#8243; _module_preset=&#8220;default&#8220; background_color=&#8220;rgba(150,150,150,0.25)&#8220; custom_padding=&#8220;|30px|30px|30px|false|false&#8220; global_colors_info=&#8220;{}&#8220;][et_pb_slider show_content_on_mobile=&#8220;off&#8220; show_image_video_mobile=&#8220;on&#8220; _builder_version=&#8220;4.23.3&#8243; _module_preset=&#8220;default&#8220; module_alignment=&#8220;center&#8220; height=&#8220;470px&#8220; max_height=&#8220;470px&#8220; custom_margin=&#8220;-28px||0px||false|false&#8220; custom_margin_tablet=&#8220;-28px||0px||false|false&#8220; custom_margin_phone=&#8220;-28px||0px||false|false&#8220; custom_margin_last_edited=&#8220;on|desktop&#8220; custom_padding=&#8220;0px||0px||false|false&#8220; auto=&#8220;on&#8220; hover_enabled=&#8220;0&#8243; global_colors_info=&#8220;{}&#8220; custom_css_slide_image_last_edited=&#8220;on|phone&#8220; custom_css_slide_image_tablet=&#8220;right: 100px;&#8220; custom_css_slide_image_phone=&#8220;right:0px;&#8220; sticky_enabled=&#8220;0&#8243;][et_pb_slide image=&#8220;https:\/\/hkreflex.com\/wp-content\/uploads\/2024\/02\/Opt.-Einsaetze-no-bg-e1708699941765.png&#8220; _builder_version=&#8220;4.23.3&#8243; _module_preset=&#8220;default&#8220; background_color=&#8220;RGBA(255,255,255,0)&#8220; background_enable_color=&#8220;on&#8220; custom_padding=&#8220;||||false|false&#8220; global_colors_info=&#8220;{}&#8220; sticky_transition=&#8220;on&#8220;][\/et_pb_slide][et_pb_slide image=&#8220;https:\/\/hkreflex.com\/wp-content\/uploads\/2024\/02\/11-1.png&#8220; _builder_version=&#8220;4.23.3&#8243; _module_preset=&#8220;default&#8220; background_color=&#8220;RGBA(255,255,255,0)&#8220; background_enable_color=&#8220;on&#8220; custom_padding=&#8220;||||false|false&#8220; global_colors_info=&#8220;{}&#8220; sticky_transition=&#8220;on&#8220;][\/et_pb_slide][et_pb_slide image=&#8220;https:\/\/hkreflex.com\/wp-content\/uploads\/2024\/02\/13-1.png&#8220; _builder_version=&#8220;4.23.3&#8243; _module_preset=&#8220;default&#8220; background_color=&#8220;RGBA(255,255,255,0)&#8220; background_enable_color=&#8220;on&#8220; custom_padding=&#8220;||||false|false&#8220; global_colors_info=&#8220;{}&#8220; sticky_transition=&#8220;on&#8220;][\/et_pb_slide][et_pb_slide image=&#8220;https:\/\/hkreflex.com\/wp-content\/uploads\/2024\/02\/9-1.png&#8220; _builder_version=&#8220;4.23.3&#8243; _module_preset=&#8220;default&#8220; background_color=&#8220;RGBA(255,255,255,0)&#8220; background_enable_color=&#8220;on&#8220; custom_padding=&#8220;||||false|false&#8220; global_colors_info=&#8220;{}&#8220; sticky_transition=&#8220;on&#8220;][\/et_pb_slide][et_pb_slide image=&#8220;https:\/\/hkreflex.com\/wp-content\/uploads\/2024\/02\/10-1.png&#8220; _builder_version=&#8220;4.23.3&#8243; _module_preset=&#8220;default&#8220; background_color=&#8220;RGBA(255,255,255,0)&#8220; background_enable_color=&#8220;on&#8220; custom_padding=&#8220;||||false|false&#8220; global_colors_info=&#8220;{}&#8220; sticky_transition=&#8220;on&#8220;][\/et_pb_slide][\/et_pb_slider][et_pb_text _builder_version=&#8220;4.23.3&#8243; _module_preset=&#8220;default&#8220; text_text_color=&#8220;#FFFFFF&#8220; header_text_color=&#8220;#FFFFFF&#8220; header_4_text_color=&#8220;#FFFFFF&#8220; custom_margin=&#8220;||20px||false|false&#8220; custom_padding=&#8220;0px||0px||false|false&#8220; global_colors_info=&#8220;{}&#8220;]<\/p>\n<h4>Optical Inserts<\/h4>\n<p><span>Optical inserts are custom made according to customer specifications with various pitch dimensions and angles for calculated light distribution.<\/span><\/p>\n<p>[\/et_pb_text][et_pb_button button_url=&#8220;https:\/\/hkreflex.com\/optische-einsaetze\/&#8220; button_text=&#8220;Produkte&#8220; button_alignment=&#8220;center&#8220; _builder_version=&#8220;4.23.3&#8243; _module_preset=&#8220;default&#8220; global_colors_info=&#8220;{}&#8220;][\/et_pb_button][\/et_pb_column][\/et_pb_row][et_pb_row make_equal=&#8220;on&#8220; _builder_version=&#8220;4.23.3&#8243; _module_preset=&#8220;default&#8220; global_colors_info=&#8220;{}&#8220;][et_pb_column type=&#8220;4_4&#8243; _builder_version=&#8220;4.23.3&#8243; _module_preset=&#8220;default&#8220; background_color=&#8220;rgba(150,150,150,0.25)&#8220; custom_padding=&#8220;|30px|30px|30px|false|false&#8220; global_colors_info=&#8220;{}&#8220;][et_pb_slider show_content_on_mobile=&#8220;off&#8220; show_image_video_mobile=&#8220;on&#8220; _builder_version=&#8220;4.23.3&#8243; _module_preset=&#8220;default&#8220; height=&#8220;470px&#8220; max_height=&#8220;470px&#8220; custom_margin=&#8220;||0px||false|false&#8220; custom_margin_tablet=&#8220;||0px||false|false&#8220; custom_margin_phone=&#8220;-93px||||false|false&#8220; custom_margin_last_edited=&#8220;on|phone&#8220; custom_padding=&#8220;||0px||false|false&#8220; auto=&#8220;on&#8220; custom_css_slide_description=&#8220;float:left;&#8220; custom_css_slide_image=&#8220;right: 190px&#8220; global_colors_info=&#8220;{}&#8220; custom_css_slide_description_last_edited=&#8220;on|phone&#8220; custom_css_slide_image_last_edited=&#8220;on|phone&#8220; custom_css_slide_image_tablet=&#8220;right: 100px;&#8220; custom_css_slide_image_phone=&#8220;right: 0&#8243; custom_css_slide_description_tablet=&#8220;float:left;&#8220; custom_css_slide_description_phone=&#8220;float:left;&#8220;][et_pb_slide image=&#8220;https:\/\/hkreflex.com\/wp-content\/uploads\/2024\/01\/P1000174copy3b-scaled.jpg&#8220; _builder_version=&#8220;4.23.3&#8243; _module_preset=&#8220;default&#8220; background_color=&#8220;RGBA(255,255,255,0)&#8220; background_enable_color=&#8220;on&#8220; custom_padding=&#8220;||||false|false&#8220; global_colors_info=&#8220;{}&#8220; sticky_transition=&#8220;on&#8220;][\/et_pb_slide][et_pb_slide image=&#8220;https:\/\/hkreflex.com\/wp-content\/uploads\/2024\/01\/P1000162.jpg&#8220; _builder_version=&#8220;4.23.3&#8243; _module_preset=&#8220;default&#8220; background_color=&#8220;RGBA(255,255,255,0)&#8220; background_enable_color=&#8220;on&#8220; custom_padding=&#8220;||||false|false&#8220; global_colors_info=&#8220;{}&#8220; sticky_transition=&#8220;on&#8220;][\/et_pb_slide][\/et_pb_slider][et_pb_text _builder_version=&#8220;4.23.3&#8243; _module_preset=&#8220;default&#8220; text_text_color=&#8220;#FFFFFF&#8220; header_text_color=&#8220;#FFFFFF&#8220; header_4_text_color=&#8220;#FFFFFF&#8220; custom_margin=&#8220;||20px||false|false&#8220; custom_padding=&#8220;0px||0px||false|false&#8220; global_colors_info=&#8220;{}&#8220;]<\/p>\n<h4>H&amp;K reflex tester\/ comparator HKRT1<\/h4>\n<p><span>Space-saving reflex testing device that is easy to set up and use.<\/span><\/p>\n<p>[\/et_pb_text][et_pb_button button_url=&#8220;https:\/\/hkreflex.com\/messgeraet\/&#8220; button_text=&#8220;Produkte&#8220; button_alignment=&#8220;center&#8220; _builder_version=&#8220;4.23.3&#8243; _module_preset=&#8220;default&#8220; global_colors_info=&#8220;{}&#8220;][\/et_pb_button][\/et_pb_column][\/et_pb_row][\/et_pb_section]<\/p>","protected":false},"excerpt":{"rendered":"<p>High Performance\u00a0 Platten mit flacher Oberfl\u00e4che f\u00fcr R\u00fcckstrahler gem\u00e4\u00df ECE, SAE und CCC Regelungen Ein wichtiger Bestandteil unserer Produktpalette sind standardisierte High Performance Galvanos, flach ohne Kontur. Kontur Galvanos, individuell designed f\u00fcr Fahrzeugr\u00fcckleuchten sidemarkerKunststoffspritzwerkzeuge f\u00fcr R\u00fcckstrahler H&amp;K reflex liefert die R\u00fcckstrahler lichttechnisch vermessen nach ECE und SAE Regelung zulassungsf\u00e4hig an unsere Kunden.Optische Eins\u00e4tze Optische Eins\u00e4tze [&hellip;]<\/p>","protected":false},"author":1,"featured_media":0,"parent":0,"menu_order":0,"comment_status":"closed","ping_status":"closed","template":"","meta":{"_et_pb_use_builder":"on","_et_pb_old_content":"<!-- wp:divi\/placeholder \/-->","_et_gb_content_width":"","footnotes":""},"class_list":["post-24","page","type-page","status-publish","hentry"],"_links":{"self":[{"href":"https:\/\/hkreflex.com\/en_en\/wp-json\/wp\/v2\/pages\/24","targetHints":{"allow":["GET"]}}],"collection":[{"href":"https:\/\/hkreflex.com\/en_en\/wp-json\/wp\/v2\/pages"}],"about":[{"href":"https:\/\/hkreflex.com\/en_en\/wp-json\/wp\/v2\/types\/page"}],"author":[{"embeddable":true,"href":"https:\/\/hkreflex.com\/en_en\/wp-json\/wp\/v2\/users\/1"}],"replies":[{"embeddable":true,"href":"https:\/\/hkreflex.com\/en_en\/wp-json\/wp\/v2\/comments?post=24"}],"version-history":[{"count":29,"href":"https:\/\/hkreflex.com\/en_en\/wp-json\/wp\/v2\/pages\/24\/revisions"}],"predecessor-version":[{"id":1241,"href":"https:\/\/hkreflex.com\/en_en\/wp-json\/wp\/v2\/pages\/24\/revisions\/1241"}],"wp:attachment":[{"href":"https:\/\/hkreflex.com\/en_en\/wp-json\/wp\/v2\/media?parent=24"}],"curies":[{"name":"wp","href":"https:\/\/api.w.org\/{rel}","templated":true}]}}