{"id":361,"date":"2024-01-31T15:26:59","date_gmt":"2024-01-31T15:26:59","guid":{"rendered":"https:\/\/hkreflex.flix-marketing.de\/?page_id=361"},"modified":"2024-04-10T11:31:16","modified_gmt":"2024-04-10T11:31:16","slug":"impressum","status":"publish","type":"page","link":"https:\/\/hkreflex.com\/en_en\/impressum\/","title":{"rendered":"Imprint"},"content":{"rendered":"<p>[et_pb_section fb_built=&#8220;1&#8243; fullwidth=&#8220;on&#8220; _builder_version=&#8220;4.23.3&#8243; _module_preset=&#8220;default&#8220; global_colors_info=&#8220;{}&#8220;][et_pb_fullwidth_slider _builder_version=&#8220;4.23.3&#8243; _module_preset=&#8220;default&#8220; global_colors_info=&#8220;{}&#8220;][et_pb_slide heading=&#8220;Kontakt&#8220; use_bg_overlay=&#8220;on&#8220; bg_overlay_color=&#8220;rgba(0,0,0,0.6)&#8220; _builder_version=&#8220;4.23.3&#8243; _module_preset=&#8220;default&#8220; background_enable_color=&#8220;off&#8220; background_image=&#8220;https:\/\/hkreflex.com\/wp-content\/uploads\/2024\/01\/Design-ohne-Titel-1.png&#8220; background_enable_image=&#8220;on&#8220; global_colors_info=&#8220;{}&#8220; sticky_transition=&#8220;on&#8220;]<\/p>\n<p>Feel free to contact us<\/p>\n<p>[\/et_pb_slide][\/et_pb_fullwidth_slider][\/et_pb_section][et_pb_section fb_built=&#8220;1&#8243; _builder_version=&#8220;4.23.3&#8243; _module_preset=&#8220;default&#8220; global_colors_info=&#8220;{}&#8220;][et_pb_row _builder_version=&#8220;4.23.3&#8243; _module_preset=&#8220;default&#8220; global_colors_info=&#8220;{}&#8220;][et_pb_column type=&#8220;4_4&#8243; _builder_version=&#8220;4.23.3&#8243; _module_preset=&#8220;default&#8220; global_colors_info=&#8220;{}&#8220;][et_pb_text _builder_version=&#8220;4.23.3&#8243; _module_preset=&#8220;default&#8220; text_text_color=&#8220;#1e1f20&#8243; hover_enabled=&#8220;0&#8243; global_colors_info=&#8220;{}&#8220; sticky_enabled=&#8220;0&#8243;]<\/p>\n<h1>Imprint<\/h1>\n<p>H&amp;K reflex GmbH<br \/>\nSteinm\u00fchlstra\u00dfe 24b<br \/>\n61352 Bad Homburg<br \/>\nTel.: +49-6172-456061<br \/>\nFax.: + 49-6172-456146<br \/>\nInternet:<span style=\"color: #333333;\">\u00a0<a href=\"http:\/\/www.hkreflex.de\/\" style=\"color: #333333;\">http:\/\/www.hkreflex.de<\/a><\/span><\/p>\n<p><img loading=\"lazy\" decoding=\"async\" src=\"https:\/\/hkreflex.com\/wp-content\/uploads\/2024\/04\/Email-pic.png\" width=\"183\" height=\"19\" alt=\"\" class=\"wp-image-1201 alignnone size-full\" srcset=\"https:\/\/hkreflex.com\/wp-content\/uploads\/2024\/04\/Email-pic.png 183w, https:\/\/hkreflex.com\/wp-content\/uploads\/2024\/04\/Email-pic-18x2.png 18w\" sizes=\"(max-width: 183px) 100vw, 183px\" \/><\/a><\/p>\n<p><strong>Authorized Representative<\/strong><br \/>\nDipl. Ing. Rudolf Bierwirth<\/p>\n<p>VAT ID No. according to \u00a727a of the German VAT Act: DE812 133 735<br \/>\nTax Number: 03\/235\/14009<\/p>\n<p>Local Court Bad Homburg v.d.H<br \/>\nHRB 5833<\/p>\n<p><strong>Trademarks<\/strong><br \/>\nUnless otherwise indicated, all trademarks on this website are protected by trademark law in favor of H&amp;K reflex GmbH. This applies in particular to trademarks, logos, and emblems.<\/p>\n<p><strong>Disclaimer<\/strong><br \/>\nDespite careful content control, we assume no liability for the content of external links. The operators of the linked pages are solely responsible for their content.<\/p>\n<p><span style=\"color: #000000;\"><a href=\"https:\/\/hkreflex.com\/wp-content\/uploads\/2024\/01\/AGB-HKreflex.pdf.pdf\" style=\"color: #000000;\">Our terms and conditions<\/a><\/span><\/p>\n<p><strong>Legal Notice<br \/>\n<\/strong>\u00a9 Copyright H&amp;K reflex GmbH, Bad Homburg, 2018, alle Rechte vorbehalten. Insbesondere d\u00fcrfen Nachdruck, Aufnahme in Online-Dienste, Internet und Vervielf\u00e4ltigung auf Datentr\u00e4ger wie CD-ROM, DVD-ROM usw., auch auszugsweise, nur nach vorheriger Zustimmung durch H&amp;K reflex GmbH erfolgen. Alle Inhalte (Text- und Bildmaterial) werden Internetnutzern ausschlie\u00dflich zum privaten, eigenen Gebrauch zur Verf\u00fcgung gestellt, jede dar\u00fcber hinausgehende Nutzung ist unzul\u00e4ssig. F\u00fcr die Inhalte fremder, verlinkter Internetangebote wird keine Verantwortung \u00fcbernommen. Die H&amp;K reflex GmbH haftet nicht f\u00fcr unverlangt eingesandte Inhalte, Manuskripte und Fotos. Vervielf\u00e4ltigungen, Ver\u00e4nderungen oder Verwendung der genannten Inhalte in anderen elektronischen oder gedruckten Publikationen &#8211; ohne vorherige Zustimmung der H&amp;K reflex GmbH &#8211; f\u00fchren zu einer strafrechtlichen Verfolgung. Alle auf dieser Website beschriebenen Patente und Produktnamen sind geistiges Eigentum der H&amp;K reflex GmbH.[\/et_pb_text][\/et_pb_column][\/et_pb_row][\/et_pb_section]<\/p>","protected":false},"excerpt":{"rendered":"<p>Nehmen Sie Kontakt mit uns aufImpressum H&amp;K reflex GmbH Steinm\u00fchlstra\u00dfe 24b 61352 Bad Homburg Tel.: +49-6172-456061 Fax.: + 49-6172-456146 Internet:\u00a0http:\/\/www.hkreflex.de Vertretungsberechtigter Dipl. Ing. Rudolf Bierwirth USt.-Id-Nr. Gem. \u00a727a UStG.: DE812 133 735 Steuernummer : 03\/235\/14009 Amtsgericht Bad Homburg v.d.H HRB 5833 Markenzeichen Soweit nicht anders angegeben, sind alle Markenzeichen auf dieser Website markenrechtlich zugunsten der [&hellip;]<\/p>","protected":false},"author":1,"featured_media":0,"parent":0,"menu_order":0,"comment_status":"closed","ping_status":"closed","template":"","meta":{"_et_pb_use_builder":"on","_et_pb_old_content":"","_et_gb_content_width":"","footnotes":""},"class_list":["post-361","page","type-page","status-publish","hentry"],"_links":{"self":[{"href":"https:\/\/hkreflex.com\/en_en\/wp-json\/wp\/v2\/pages\/361","targetHints":{"allow":["GET"]}}],"collection":[{"href":"https:\/\/hkreflex.com\/en_en\/wp-json\/wp\/v2\/pages"}],"about":[{"href":"https:\/\/hkreflex.com\/en_en\/wp-json\/wp\/v2\/types\/page"}],"author":[{"embeddable":true,"href":"https:\/\/hkreflex.com\/en_en\/wp-json\/wp\/v2\/users\/1"}],"replies":[{"embeddable":true,"href":"https:\/\/hkreflex.com\/en_en\/wp-json\/wp\/v2\/comments?post=361"}],"version-history":[{"count":6,"href":"https:\/\/hkreflex.com\/en_en\/wp-json\/wp\/v2\/pages\/361\/revisions"}],"predecessor-version":[{"id":1204,"href":"https:\/\/hkreflex.com\/en_en\/wp-json\/wp\/v2\/pages\/361\/revisions\/1204"}],"wp:attachment":[{"href":"https:\/\/hkreflex.com\/en_en\/wp-json\/wp\/v2\/media?parent=361"}],"curies":[{"name":"wp","href":"https:\/\/api.w.org\/{rel}","templated":true}]}}