{"id":38,"date":"2023-12-29T16:58:42","date_gmt":"2023-12-29T16:58:42","guid":{"rendered":"https:\/\/hkreflex.flix-marketing.de\/?page_id=38"},"modified":"2024-05-02T18:32:02","modified_gmt":"2024-05-02T18:32:02","slug":"services","status":"publish","type":"page","link":"https:\/\/hkreflex.com\/en_en\/services\/","title":{"rendered":"Services"},"content":{"rendered":"<p>[et_pb_section fb_built=&#8220;1&#8243; fullwidth=&#8220;on&#8220; _builder_version=&#8220;4.23.3&#8243; _module_preset=&#8220;default&#8220; background_color=&#8220;#4C5454&#8243; background_enable_pattern_style=&#8220;on&#8220; background_pattern_style=&#8220;cubes&#8220; global_colors_info=&#8220;{}&#8220;][et_pb_fullwidth_slider use_bg_overlay=&#8220;off&#8220; _builder_version=&#8220;4.23.3&#8243; _module_preset=&#8220;default&#8220; global_colors_info=&#8220;{}&#8220;][et_pb_slide heading=&#8220;Leistungen&#8220; use_bg_overlay=&#8220;on&#8220; _builder_version=&#8220;4.23.3&#8243; _module_preset=&#8220;default&#8220; background_enable_color=&#8220;off&#8220; background_image=&#8220;https:\/\/hkreflex.com\/wp-content\/uploads\/2024\/02\/18.png&#8220; background_enable_image=&#8220;on&#8220; global_colors_info=&#8220;{}&#8220; sticky_transition=&#8220;on&#8220;][\/et_pb_slide][\/et_pb_fullwidth_slider][\/et_pb_section][et_pb_section fb_built=&#8220;1&#8243; _builder_version=&#8220;4.23.3&#8243; _module_preset=&#8220;default&#8220; background_color=&#8220;#1E1F20&#8243; background_enable_pattern_style=&#8220;on&#8220; background_pattern_style=&#8220;cubes&#8220; global_colors_info=&#8220;{}&#8220;][et_pb_row column_structure=&#8220;1_2,1_2&#8243; _builder_version=&#8220;4.23.3&#8243; _module_preset=&#8220;default&#8220; global_colors_info=&#8220;{}&#8220;][et_pb_column type=&#8220;1_2&#8243; _builder_version=&#8220;4.23.3&#8243; _module_preset=&#8220;default&#8220; background_color=&#8220;rgba(150,150,150,0.25)&#8220; custom_padding=&#8220;|30px|30px|30px|false|false&#8220; global_colors_info=&#8220;{}&#8220;][et_pb_slider show_content_on_mobile=&#8220;off&#8220; show_image_video_mobile=&#8220;on&#8220; _builder_version=&#8220;4.23.3&#8243; _module_preset=&#8220;default&#8220; module_alignment=&#8220;center&#8220; height=&#8220;420px&#8220; height_tablet=&#8220;200px&#8220; height_phone=&#8220;200px&#8220; height_last_edited=&#8220;on|phone&#8220; max_height=&#8220;600px&#8220; custom_margin=&#8220;0px|0px|0px|0px|false|false&#8220; custom_padding=&#8220;0px|0px|0px|0px|false|false&#8220; animation_direction=&#8220;right&#8220; auto=&#8220;on&#8220; auto_speed=&#8220;5000&#8243; global_colors_info=&#8220;{}&#8220; custom_css_slide_image_last_edited=&#8220;on|tablet&#8220; custom_css_slide_image_tablet=&#8220;right:100px;&#8220; custom_css_slide_image_phone=&#8220;right:0px;&#8220;][et_pb_slide image=&#8220;https:\/\/hkreflex.com\/wp-content\/uploads\/2024\/03\/IMG_2958-bearbeitet-scaled.jpg&#8220; admin_title=&#8220;Design &#038; Entwicklung&#8220; _builder_version=&#8220;4.23.3&#8243; _module_preset=&#8220;default&#8220; background_color=&#8220;RGBA(255,255,255,0)&#8220; background_enable_color=&#8220;on&#8220; custom_padding=&#8220;||||false|false&#8220; global_colors_info=&#8220;{}&#8220; sticky_transition=&#8220;on&#8220;][\/et_pb_slide][\/et_pb_slider][et_pb_text _builder_version=&#8220;4.23.3&#8243; _module_preset=&#8220;default&#8220; text_text_color=&#8220;#FFFFFF&#8220; header_text_color=&#8220;#FFFFFF&#8220; header_4_text_color=&#8220;#FFFFFF&#8220; custom_margin=&#8220;||20px||false|false&#8220; custom_padding=&#8220;0px||0px||false|false&#8220; global_colors_info=&#8220;{}&#8220;]<\/p>\n<h4 style=\"text-align: center;\"><strong>Design and Development<\/strong><\/h4>\n<div class=\"et_pb_slide_content\">\n<p style=\"text-align: center;\"><span style=\"color: #ffffff;\">An important component of our product range is standardized high performance electroforms, flat without contour.<\/span><\/p>\n<\/div>\n<p>[\/et_pb_text][et_pb_button button_url=&#8220;https:\/\/hkreflex.com\/design-entwicklung\/&#8220; button_text=&#8220;Produkte&#8220; button_alignment=&#8220;center&#8220; _builder_version=&#8220;4.23.3&#8243; _module_preset=&#8220;default&#8220; global_colors_info=&#8220;{}&#8220;][\/et_pb_button][\/et_pb_column][et_pb_column type=&#8220;1_2&#8243; _builder_version=&#8220;4.23.3&#8243; _module_preset=&#8220;default&#8220; background_color=&#8220;rgba(150,150,150,0.25)&#8220; custom_padding=&#8220;|30px|30px|30px|false|false&#8220; global_colors_info=&#8220;{}&#8220;][et_pb_slider show_content_on_mobile=&#8220;off&#8220; show_image_video_mobile=&#8220;on&#8220; _builder_version=&#8220;4.23.3&#8243; _module_preset=&#8220;default&#8220; module_alignment=&#8220;center&#8220; height=&#8220;420px&#8220; height_tablet=&#8220;200px&#8220; height_phone=&#8220;200px&#8220; height_last_edited=&#8220;on|phone&#8220; max_height=&#8220;600px&#8220; custom_margin=&#8220;0px|0px|0px|0px|false|false&#8220; custom_padding=&#8220;0px|0px|0px|0px|false|false&#8220; auto=&#8220;on&#8220; auto_speed=&#8220;5000&#8243; hover_enabled=&#8220;0&#8243; global_colors_info=&#8220;{}&#8220; custom_css_slide_image_last_edited=&#8220;on|tablet&#8220; custom_css_slide_image_phone=&#8220;right:0px;&#8220; custom_css_slide_image_tablet=&#8220;right:100px;&#8220; sticky_enabled=&#8220;0&#8243;][et_pb_slide button_link=&#8220;https:\/\/hkreflex.com\/werkzeugbau\/&#8220; image=&#8220;https:\/\/hkreflex.com\/wp-content\/uploads\/2024\/02\/Kunststoffspritzgusswerkzeug-fuer-Rueckstrahler-e1709028168369.png&#8220; admin_title=&#8220;Werkzeugbau&#8220; image_tablet=&#8220;https:\/\/hkreflex.com\/wp-content\/uploads\/2024\/02\/Kunststoffspritzgusswerkzeug-fuer-Rueckstrahler-e1709028168369.png&#8220; image_phone=&#8220;https:\/\/hkreflex.com\/wp-content\/uploads\/2024\/02\/Kunststoffspritzgusswerkzeug-fuer-Rueckstrahler-e1709028168369.png&#8220; image_last_edited=&#8220;on|phone&#8220; _builder_version=&#8220;4.23.3&#8243; _module_preset=&#8220;default&#8220; background_color=&#8220;RGBA(255,255,255,0)&#8220; background_enable_color=&#8220;on&#8220; custom_padding=&#8220;||||false|false&#8220; hover_enabled=&#8220;0&#8243; global_colors_info=&#8220;{}&#8220; sticky_transition=&#8220;on&#8220; sticky_enabled=&#8220;0&#8243;][\/et_pb_slide][\/et_pb_slider][et_pb_text _builder_version=&#8220;4.23.3&#8243; _module_preset=&#8220;default&#8220; text_text_color=&#8220;#FFFFFF&#8220; header_4_text_color=&#8220;#FFFFFF&#8220; custom_margin=&#8220;0px||20px||false|false&#8220; custom_padding=&#8220;0px||0px||false|false&#8220; global_colors_info=&#8220;{}&#8220;]<\/p>\n<h4 style=\"text-align: center;\"><strong>Toolmaking<\/strong><\/h4>\n<p style=\"text-align: center;\">We design injection molding tools for all types of reflectors according to customer drawings.<\/p>\n<p>[\/et_pb_text][et_pb_button button_url=&#8220;https:\/\/hkreflex.com\/werkzeugbau\/&#8220; button_text=&#8220;Produkte&#8220; button_alignment=&#8220;center&#8220; _builder_version=&#8220;4.23.3&#8243; _module_preset=&#8220;default&#8220; global_colors_info=&#8220;{}&#8220;][\/et_pb_button][\/et_pb_column][\/et_pb_row][et_pb_row column_structure=&#8220;1_2,1_2&#8243; _builder_version=&#8220;4.23.3&#8243; _module_preset=&#8220;default&#8220; global_colors_info=&#8220;{}&#8220;][et_pb_column type=&#8220;1_2&#8243; _builder_version=&#8220;4.23.3&#8243; _module_preset=&#8220;default&#8220; background_color=&#8220;rgba(150,150,150,0.25)&#8220; custom_padding=&#8220;|30px|30px|30px|false|false&#8220; global_colors_info=&#8220;{}&#8220;][et_pb_slider show_content_on_mobile=&#8220;off&#8220; show_image_video_mobile=&#8220;on&#8220; _builder_version=&#8220;4.23.3&#8243; _module_preset=&#8220;default&#8220; module_alignment=&#8220;center&#8220; height=&#8220;420px&#8220; height_tablet=&#8220;200px&#8220; height_phone=&#8220;200px&#8220; height_last_edited=&#8220;on|phone&#8220; max_height=&#8220;600px&#8220; custom_margin=&#8220;0px|0px|0px|0px|false|false&#8220; custom_padding=&#8220;0px|0px|0px|0px|false|false&#8220; auto=&#8220;on&#8220; auto_speed=&#8220;5000&#8243; global_colors_info=&#8220;{}&#8220; custom_css_slide_image_last_edited=&#8220;on|tablet&#8220; custom_css_slide_image_tablet=&#8220;right:100px;&#8220; custom_css_slide_image_phone=&#8220;right:0px;&#8220;][et_pb_slide image=&#8220;https:\/\/hkreflex.com\/wp-content\/uploads\/2024\/02\/Porsche-ohne-Logo-scaled.jpg&#8220; admin_title=&#8220;R\u00fcckstrahlerstudien&#8220; _builder_version=&#8220;4.23.3&#8243; _module_preset=&#8220;default&#8220; background_color=&#8220;RGBA(255,255,255,0)&#8220; background_enable_color=&#8220;on&#8220; custom_padding=&#8220;||||false|false&#8220; global_colors_info=&#8220;{}&#8220; sticky_transition=&#8220;on&#8220;][\/et_pb_slide][\/et_pb_slider][et_pb_text _builder_version=&#8220;4.23.3&#8243; _module_preset=&#8220;default&#8220; text_text_color=&#8220;#FFFFFF&#8220; header_text_color=&#8220;#FFFFFF&#8220; header_4_text_color=&#8220;#FFFFFF&#8220; custom_margin=&#8220;||20px||false|false&#8220; custom_padding=&#8220;0px||0px||false|false&#8220; global_colors_info=&#8220;{}&#8220;]<\/p>\n<h4 class=\"et_pb_module_heading\" style=\"text-align: center;\"><strong>Reflex Studies<\/strong><\/h4>\n<p style=\"text-align: center;\"><span>H&amp;K reflex provides services in the development of vehicle reflectors for customers in the field of vehicle lighting.<\/span><\/p>\n<p>[\/et_pb_text][et_pb_button button_url=&#8220;https:\/\/hkreflex.com\/rueckstrahlerstudien\/&#8220; button_text=&#8220;Produkte&#8220; button_alignment=&#8220;center&#8220; _builder_version=&#8220;4.23.3&#8243; _module_preset=&#8220;default&#8220; global_colors_info=&#8220;{}&#8220;][\/et_pb_button][\/et_pb_column][et_pb_column type=&#8220;1_2&#8243; _builder_version=&#8220;4.23.3&#8243; _module_preset=&#8220;default&#8220; background_color=&#8220;rgba(150,150,150,0.25)&#8220; custom_padding=&#8220;|30px|30px|30px|false|false&#8220; global_colors_info=&#8220;{}&#8220;][et_pb_slider show_content_on_mobile=&#8220;off&#8220; show_image_video_mobile=&#8220;on&#8220; _builder_version=&#8220;4.23.3&#8243; _module_preset=&#8220;default&#8220; module_alignment=&#8220;center&#8220; height=&#8220;420px&#8220; height_tablet=&#8220;200px&#8220; height_phone=&#8220;200px&#8220; height_last_edited=&#8220;on|phone&#8220; max_height=&#8220;600px&#8220; custom_margin=&#8220;0px|0px|0px|0px|false|false&#8220; custom_padding=&#8220;0px|0px|0px|0px|false|false&#8220; auto=&#8220;on&#8220; auto_speed=&#8220;5000&#8243; global_colors_info=&#8220;{}&#8220; custom_css_slide_image_last_edited=&#8220;on|tablet&#8220; custom_css_slide_image_tablet=&#8220;right:100px;&#8220; custom_css_slide_image_phone=&#8220;right:0px;&#8220;][et_pb_slide image=&#8220;https:\/\/hkreflex.com\/wp-content\/uploads\/2024\/01\/sechskantstift-02-big.gif&#8220; admin_title=&#8220;Sechskantstiftsystem&#8220; _builder_version=&#8220;4.23.3&#8243; _module_preset=&#8220;default&#8220; background_color=&#8220;RGBA(255,255,255,0)&#8220; background_enable_color=&#8220;on&#8220; custom_padding=&#8220;||||false|false&#8220; global_colors_info=&#8220;{}&#8220; sticky_transition=&#8220;on&#8220;][\/et_pb_slide][et_pb_slide image=&#8220;https:\/\/hkreflex.com\/wp-content\/uploads\/2024\/01\/sechskantstift-w-02-big.gif&#8220; admin_title=&#8220;Sechskant-Stiftsystem mit kontinuierlich drehenden Stiftachsen&#8220; _builder_version=&#8220;4.23.3&#8243; _module_preset=&#8220;default&#8220; background_color=&#8220;RGBA(255,255,255,0)&#8220; background_enable_color=&#8220;on&#8220; custom_padding=&#8220;||||false|false&#8220; global_colors_info=&#8220;{}&#8220; sticky_transition=&#8220;on&#8220;][\/et_pb_slide][et_pb_slide image=&#8220;https:\/\/hkreflex.com\/wp-content\/uploads\/2024\/01\/rechteckstift-w-02-big.gif&#8220; admin_title=&#8220;Rechteckiges Stiftsystem mit kontinuierlich drehenden Stiftachsen&#8220; _builder_version=&#8220;4.23.3&#8243; _module_preset=&#8220;default&#8220; background_color=&#8220;RGBA(255,255,255,0)&#8220; background_enable_color=&#8220;on&#8220; custom_padding=&#8220;||||false|false&#8220; global_colors_info=&#8220;{}&#8220; sticky_transition=&#8220;on&#8220;][\/et_pb_slide][et_pb_slide image=&#8220;https:\/\/hkreflex.com\/wp-content\/uploads\/2024\/01\/sechskantstift-w-01-big.gif&#8220; admin_title=&#8220;Rechteckiges Stiftsystem&#8220; _builder_version=&#8220;4.23.3&#8243; _module_preset=&#8220;default&#8220; background_color=&#8220;RGBA(255,255,255,0)&#8220; background_enable_color=&#8220;on&#8220; custom_padding=&#8220;||||false|false&#8220; global_colors_info=&#8220;{}&#8220; sticky_transition=&#8220;on&#8220;][\/et_pb_slide][\/et_pb_slider][et_pb_text _builder_version=&#8220;4.23.3&#8243; _module_preset=&#8220;default&#8220; text_text_color=&#8220;#FFFFFF&#8220; header_4_text_color=&#8220;#FFFFFF&#8220; custom_margin=&#8220;0px||20px||false|false&#8220; custom_padding=&#8220;0px||0px||false|false&#8220; global_colors_info=&#8220;{}&#8220;]<\/p>\n<h4 style=\"text-align: center;\"><strong>High Performance Pin Systems<\/strong><\/h4>\n<p style=\"text-align: center;\"><span>H&amp;K reflex delivers the reflectors measured in terms of lighting technology <\/span><span>ECE R27 regulation approved for our customers.<\/span><\/p>\n<p>[\/et_pb_text][et_pb_button button_url=&#8220;https:\/\/hkreflex.com\/stiftsysteme\/&#8220; button_text=&#8220;Produkte&#8220; button_alignment=&#8220;center&#8220; _builder_version=&#8220;4.23.3&#8243; _module_preset=&#8220;default&#8220; global_colors_info=&#8220;{}&#8220;][\/et_pb_button][\/et_pb_column][\/et_pb_row][et_pb_row column_structure=&#8220;1_2,1_2&#8243; make_equal=&#8220;on&#8220; _builder_version=&#8220;4.23.3&#8243; _module_preset=&#8220;default&#8220; global_colors_info=&#8220;{}&#8220;][et_pb_column type=&#8220;1_2&#8243; _builder_version=&#8220;4.23.3&#8243; _module_preset=&#8220;default&#8220; background_color=&#8220;rgba(150,150,150,0.25)&#8220; custom_padding=&#8220;|30px|30px|30px|false|false&#8220; global_colors_info=&#8220;{}&#8220;][et_pb_slider show_content_on_mobile=&#8220;off&#8220; show_image_video_mobile=&#8220;on&#8220; _builder_version=&#8220;4.23.3&#8243; _module_preset=&#8220;default&#8220; module_alignment=&#8220;center&#8220; height=&#8220;420px&#8220; height_tablet=&#8220;200px&#8220; height_phone=&#8220;200px&#8220; height_last_edited=&#8220;on|phone&#8220; max_height=&#8220;600px&#8220; custom_margin=&#8220;0px|0px|0px|0px|false|false&#8220; custom_padding=&#8220;0px|0px|0px|0px|false|false&#8220; auto=&#8220;on&#8220; auto_speed=&#8220;5000&#8243; global_colors_info=&#8220;{}&#8220; custom_css_slide_image_last_edited=&#8220;on|phone&#8220; custom_css_slide_image_tablet=&#8220;right:100px;&#8220; custom_css_slide_image_phone=&#8220;right:0px;&#8220;][et_pb_slide image=&#8220;https:\/\/hkreflex.com\/wp-content\/uploads\/2024\/02\/Rueckstrahlermessung-scaled.jpg&#8220; _builder_version=&#8220;4.23.3&#8243; _module_preset=&#8220;default&#8220; background_color=&#8220;RGBA(255,255,255,0)&#8220; background_enable_color=&#8220;on&#8220; custom_padding=&#8220;||||false|false&#8220; global_colors_info=&#8220;{}&#8220; sticky_transition=&#8220;on&#8220;][\/et_pb_slide][\/et_pb_slider][et_pb_text _builder_version=&#8220;4.23.3&#8243; _module_preset=&#8220;default&#8220; text_text_color=&#8220;#FFFFFF&#8220; header_text_color=&#8220;#FFFFFF&#8220; header_4_text_color=&#8220;#FFFFFF&#8220; custom_margin=&#8220;||20px||false|false&#8220; custom_padding=&#8220;0px||0px||false|false&#8220; global_colors_info=&#8220;{}&#8220;]<\/p>\n<h4 style=\"text-align: center;\"><strong>Reflex Measurements<\/strong><\/h4>\n<p>&nbsp;<\/p>\n<p>[\/et_pb_text][et_pb_button button_url=&#8220;https:\/\/hkreflex.com\/rueckstrahlermessungen\/&#8220; button_text=&#8220;Produkte&#8220; button_alignment=&#8220;center&#8220; _builder_version=&#8220;4.23.3&#8243; _module_preset=&#8220;default&#8220; global_colors_info=&#8220;{}&#8220;][\/et_pb_button][\/et_pb_column][et_pb_column type=&#8220;1_2&#8243; _builder_version=&#8220;4.23.3&#8243; _module_preset=&#8220;default&#8220; background_color=&#8220;rgba(150,150,150,0.25)&#8220; custom_padding=&#8220;|30px|30px|30px|false|false&#8220; global_colors_info=&#8220;{}&#8220;][et_pb_slider show_content_on_mobile=&#8220;off&#8220; show_image_video_mobile=&#8220;on&#8220; _builder_version=&#8220;4.23.3&#8243; _module_preset=&#8220;default&#8220; module_alignment=&#8220;center&#8220; height=&#8220;420px&#8220; height_tablet=&#8220;200px&#8220; height_phone=&#8220;200px&#8220; height_last_edited=&#8220;on|phone&#8220; max_height=&#8220;600px&#8220; custom_margin=&#8220;0px|0px|0px|0px|false|false&#8220; custom_padding=&#8220;0px|0px|0px|0px|false|false&#8220; auto=&#8220;on&#8220; auto_speed=&#8220;5000&#8243; global_colors_info=&#8220;{}&#8220; custom_css_slide_image_last_edited=&#8220;on|tablet&#8220; custom_css_slide_image_tablet=&#8220;right:100px;&#8220; custom_css_slide_image_phone=&#8220;right:0px;&#8220;][et_pb_slide image=&#8220;https:\/\/hkreflex.com\/wp-content\/uploads\/2024\/02\/Downloadpng.png&#8220; _builder_version=&#8220;4.23.3&#8243; _module_preset=&#8220;default&#8220; background_enable_color=&#8220;off&#8220; custom_padding=&#8220;||||false|false&#8220; global_colors_info=&#8220;{}&#8220; sticky_transition=&#8220;on&#8220;][\/et_pb_slide][\/et_pb_slider][et_pb_text _builder_version=&#8220;4.23.3&#8243; _module_preset=&#8220;default&#8220; text_text_color=&#8220;#FFFFFF&#8220; header_4_text_color=&#8220;#FFFFFF&#8220; custom_margin=&#8220;0px||20px||false|false&#8220; custom_padding=&#8220;0px||0px||false|false&#8220; global_colors_info=&#8220;{}&#8220;]<\/p>\n<h4 style=\"text-align: center;\"><strong>Downloads<\/strong><\/h4>\n<p>[\/et_pb_text][et_pb_button button_url=&#8220;https:\/\/hkreflex.com\/downloads\/&#8220; button_text=&#8220;Produkte&#8220; button_alignment=&#8220;center&#8220; _builder_version=&#8220;4.23.3&#8243; _module_preset=&#8220;default&#8220; global_colors_info=&#8220;{}&#8220;][\/et_pb_button][\/et_pb_column][\/et_pb_row][\/et_pb_section]<\/p>","protected":false},"excerpt":{"rendered":"<p>Design und Entwicklung Ein wichtiger Bestandteil unserer Produktpalette sind standardisierte High Performance Galvanos, flach ohne Kontur. Werkzeugbau Wir konstruieren nach Kundenzeichnungen Spritzgusswerkzeuge f\u00fcr R\u00fcckstrahler aller Art.R\u00fcckstrahlerstudien H&amp;K reflex bietet Service in der Entwicklung von Fahrzeugr\u00fcckstrahlern f\u00fcr Kunden im Bereich FahrzeugleuchtenHigh Performance Stiftsysteme H&amp;K reflex liefert die R\u00fcckstrahler lichttechnisch vermessen nach ECE R27 Regelung zulassungsf\u00e4hig an [&hellip;]<\/p>","protected":false},"author":1,"featured_media":0,"parent":0,"menu_order":0,"comment_status":"closed","ping_status":"closed","template":"","meta":{"_et_pb_use_builder":"on","_et_pb_old_content":"<!-- wp:divi\/placeholder \/-->","_et_gb_content_width":"","footnotes":""},"class_list":["post-38","page","type-page","status-publish","hentry"],"_links":{"self":[{"href":"https:\/\/hkreflex.com\/en_en\/wp-json\/wp\/v2\/pages\/38","targetHints":{"allow":["GET"]}}],"collection":[{"href":"https:\/\/hkreflex.com\/en_en\/wp-json\/wp\/v2\/pages"}],"about":[{"href":"https:\/\/hkreflex.com\/en_en\/wp-json\/wp\/v2\/types\/page"}],"author":[{"embeddable":true,"href":"https:\/\/hkreflex.com\/en_en\/wp-json\/wp\/v2\/users\/1"}],"replies":[{"embeddable":true,"href":"https:\/\/hkreflex.com\/en_en\/wp-json\/wp\/v2\/comments?post=38"}],"version-history":[{"count":31,"href":"https:\/\/hkreflex.com\/en_en\/wp-json\/wp\/v2\/pages\/38\/revisions"}],"predecessor-version":[{"id":1244,"href":"https:\/\/hkreflex.com\/en_en\/wp-json\/wp\/v2\/pages\/38\/revisions\/1244"}],"wp:attachment":[{"href":"https:\/\/hkreflex.com\/en_en\/wp-json\/wp\/v2\/media?parent=38"}],"curies":[{"name":"wp","href":"https:\/\/api.w.org\/{rel}","templated":true}]}}