{"id":40,"date":"2023-12-29T16:58:51","date_gmt":"2023-12-29T16:58:51","guid":{"rendered":"https:\/\/hkreflex.flix-marketing.de\/?page_id=40"},"modified":"2024-04-10T12:40:25","modified_gmt":"2024-04-10T12:40:25","slug":"design-entwicklung","status":"publish","type":"page","link":"https:\/\/hkreflex.com\/en_en\/design-entwicklung\/","title":{"rendered":"Design &amp; Development"},"content":{"rendered":"<p>[et_pb_section fb_built=&#8220;1&#8243; fullwidth=&#8220;on&#8220; _builder_version=&#8220;4.23.3&#8243; _module_preset=&#8220;default&#8220; global_colors_info=&#8220;{}&#8220;][et_pb_fullwidth_slider _builder_version=&#8220;4.23.3&#8243; _module_preset=&#8220;default&#8220; header_text_align=&#8220;left&#8220; global_colors_info=&#8220;{}&#8220;][et_pb_slide heading=&#8220;Design &#038; Entwicklung&#8220; _builder_version=&#8220;4.23.3&#8243; _module_preset=&#8220;default&#8220; background_enable_color=&#8220;off&#8220; background_image=&#8220;https:\/\/hkreflex.com\/wp-content\/uploads\/2024\/02\/HK-Reflex.png&#8220; background_enable_image=&#8220;on&#8220; global_colors_info=&#8220;{}&#8220; sticky_transition=&#8220;on&#8220;][\/et_pb_slide][\/et_pb_fullwidth_slider][\/et_pb_section][et_pb_section fb_built=&#8220;1&#8243; _builder_version=&#8220;4.23.3&#8243; _module_preset=&#8220;default&#8220; background_color=&#8220;#4C5454&#8243; background_enable_pattern_style=&#8220;on&#8220; background_pattern_style=&#8220;cubes&#8220; custom_margin=&#8220;||||false|false&#8220; custom_padding=&#8220;0px|||||&#8220; global_colors_info=&#8220;{}&#8220;][et_pb_row _builder_version=&#8220;4.23.3&#8243; _module_preset=&#8220;default&#8220; global_colors_info=&#8220;{}&#8220;][et_pb_column type=&#8220;4_4&#8243; _builder_version=&#8220;4.23.3&#8243; _module_preset=&#8220;default&#8220; global_colors_info=&#8220;{}&#8220;][et_pb_heading _builder_version=&#8220;4.23.3&#8243; _module_preset=&#8220;default&#8220; global_colors_info=&#8220;{}&#8220;][\/et_pb_heading][\/et_pb_column][\/et_pb_row][et_pb_row column_structure=&#8220;3_5,2_5&#8243; _builder_version=&#8220;4.23.3&#8243; _module_preset=&#8220;default&#8220; background_color=&#8220;rgba(30,31,32,0.6)&#8220; custom_margin=&#8220;||||true|false&#8220; custom_padding=&#8220;18px|18px|18px|18px|true|true&#8220; global_colors_info=&#8220;{}&#8220;][et_pb_column type=&#8220;3_5&#8243; _builder_version=&#8220;4.23.3&#8243; _module_preset=&#8220;default&#8220; global_colors_info=&#8220;{}&#8220;][et_pb_text _builder_version=&#8220;4.23.3&#8243; _module_preset=&#8220;default&#8220; text_text_color=&#8220;#FFFFFF&#8220; hover_enabled=&#8220;0&#8243; global_colors_info=&#8220;{}&#8220; sticky_enabled=&#8220;0&#8243;]<\/p>\n<p>H&amp;K reflex is an innovative company specializing in the development of reflector systems for the automotive industry. With our expertise and years of experience, we are able to develop complex reflector systems tailored to the needs of our customers.<\/p>\n<p>The development process begins with careful analysis of the CAD data provided by our customers. Based on this foundation, we work closely with our customers to develop customized solutions that are both functional and aesthetically pleasing. Our goal is to create reflector systems that are not only technically superior but also visually appealing and seamlessly integrate into the overall design of the vehicle.<\/p>\n<p>An important aspect of our work is compliance with international standards and regulations. We provide reflector electroforms that comply with ECE, SAE, and CCC regulations, making them suitable for the global automotive market. Our products undergo rigorous quality controls to ensure they meet the highest standards.<\/p>\n<p>&nbsp;<\/p>\n<p>[\/et_pb_text][\/et_pb_column][et_pb_column type=&#8220;2_5&#8243; _builder_version=&#8220;4.23.3&#8243; _module_preset=&#8220;default&#8220; global_colors_info=&#8220;{}&#8220;][et_pb_image src=&#8220;https:\/\/hkreflex.com\/wp-content\/uploads\/2024\/03\/IMG_2958-bearbeitet-scaled.jpg&#8220; title_text=&#8220;IMG_2958-bearbeitet&#8220; _builder_version=&#8220;4.23.3&#8243; _module_preset=&#8220;default&#8220; custom_margin=&#8220;||||false|false&#8220; global_colors_info=&#8220;{}&#8220;][\/et_pb_image][et_pb_image src=&#8220;https:\/\/hkreflex.com\/wp-content\/uploads\/2024\/03\/IMG_2960-bearbeitet-scaled.jpg&#8220; title_text=&#8220;IMG_2960-bearbeitet&#8220; _builder_version=&#8220;4.23.3&#8243; _module_preset=&#8220;default&#8220; global_colors_info=&#8220;{}&#8220;][\/et_pb_image][et_pb_heading title=&#8220;Jetzt Beratungstermin anfordern&#8220; _builder_version=&#8220;4.23.3&#8243; _module_preset=&#8220;default&#8220; title_text_color=&#8220;#FFFFFF&#8220; title_font_size=&#8220;22px&#8220; global_colors_info=&#8220;{}&#8220;][\/et_pb_heading][et_pb_button button_url=&#8220;https:\/\/hkreflex.com\/kontakt\/&#8220; button_text=&#8220;Kontakt&#8220; button_alignment=&#8220;center&#8220; _builder_version=&#8220;4.23.3&#8243; _module_preset=&#8220;default&#8220; global_colors_info=&#8220;{}&#8220;][\/et_pb_button][\/et_pb_column][\/et_pb_row][\/et_pb_section]<\/p>","protected":false},"excerpt":{"rendered":"<p>H&amp;K reflex ist ein innovatives Unternehmen, das sich auf die Entwicklung von R\u00fcckstrahlersystemen f\u00fcr die Automobilindustrie spezialisiert hat. Mit unserer Expertise und langj\u00e4hrigen Erfahrung sind wir in der Lage, komplexe R\u00fcckstrahlersysteme zu entwickeln, die genau auf die Bed\u00fcrfnisse unserer Kunden zugeschnitten sind. Der Entwicklungsprozess beginnt mit der sorgf\u00e4ltigen Analyse der CAD-Daten, die von unseren Kunden [&hellip;]<\/p>","protected":false},"author":1,"featured_media":0,"parent":0,"menu_order":0,"comment_status":"closed","ping_status":"closed","template":"","meta":{"_et_pb_use_builder":"on","_et_pb_old_content":"<!-- wp:divi\/placeholder \/-->","_et_gb_content_width":"","footnotes":""},"class_list":["post-40","page","type-page","status-publish","hentry"],"_links":{"self":[{"href":"https:\/\/hkreflex.com\/en_en\/wp-json\/wp\/v2\/pages\/40","targetHints":{"allow":["GET"]}}],"collection":[{"href":"https:\/\/hkreflex.com\/en_en\/wp-json\/wp\/v2\/pages"}],"about":[{"href":"https:\/\/hkreflex.com\/en_en\/wp-json\/wp\/v2\/types\/page"}],"author":[{"embeddable":true,"href":"https:\/\/hkreflex.com\/en_en\/wp-json\/wp\/v2\/users\/1"}],"replies":[{"embeddable":true,"href":"https:\/\/hkreflex.com\/en_en\/wp-json\/wp\/v2\/comments?post=40"}],"version-history":[{"count":25,"href":"https:\/\/hkreflex.com\/en_en\/wp-json\/wp\/v2\/pages\/40\/revisions"}],"predecessor-version":[{"id":1205,"href":"https:\/\/hkreflex.com\/en_en\/wp-json\/wp\/v2\/pages\/40\/revisions\/1205"}],"wp:attachment":[{"href":"https:\/\/hkreflex.com\/en_en\/wp-json\/wp\/v2\/media?parent=40"}],"curies":[{"name":"wp","href":"https:\/\/api.w.org\/{rel}","templated":true}]}}