{"id":42,"date":"2023-12-29T16:59:01","date_gmt":"2023-12-29T16:59:01","guid":{"rendered":"https:\/\/hkreflex.flix-marketing.de\/?page_id=42"},"modified":"2024-04-05T07:39:39","modified_gmt":"2024-04-05T07:39:39","slug":"werkzeugbau","status":"publish","type":"page","link":"https:\/\/hkreflex.com\/en_en\/werkzeugbau\/","title":{"rendered":"Toolmaking"},"content":{"rendered":"<p>[et_pb_section fb_built=&#8220;1&#8243; fullwidth=&#8220;on&#8220; _builder_version=&#8220;4.23.3&#8243; _module_preset=&#8220;default&#8220; global_colors_info=&#8220;{}&#8220;][et_pb_fullwidth_slider _builder_version=&#8220;4.23.3&#8243; _module_preset=&#8220;default&#8220; header_text_align=&#8220;left&#8220; global_colors_info=&#8220;{}&#8220;][et_pb_slide heading=&#8220;Werkzeugbau&#8220; _builder_version=&#8220;4.23.3&#8243; _module_preset=&#8220;default&#8220; background_enable_color=&#8220;off&#8220; background_image=&#8220;https:\/\/hkreflex.com\/wp-content\/uploads\/2024\/02\/9-2-e1709225015622.png&#8220; background_enable_image=&#8220;on&#8220; global_colors_info=&#8220;{}&#8220; sticky_transition=&#8220;on&#8220;][\/et_pb_slide][\/et_pb_fullwidth_slider][\/et_pb_section][et_pb_section fb_built=&#8220;1&#8243; _builder_version=&#8220;4.23.3&#8243; _module_preset=&#8220;default&#8220; background_color=&#8220;#4C5454&#8243; background_enable_pattern_style=&#8220;on&#8220; background_pattern_style=&#8220;cubes&#8220; global_colors_info=&#8220;{}&#8220;][et_pb_row column_structure=&#8220;1_2,1_2&#8243; _builder_version=&#8220;4.23.3&#8243; _module_preset=&#8220;default&#8220; global_colors_info=&#8220;{}&#8220;][et_pb_column type=&#8220;1_2&#8243; _builder_version=&#8220;4.23.3&#8243; _module_preset=&#8220;default&#8220; global_colors_info=&#8220;{}&#8220;][et_pb_text _builder_version=&#8220;4.23.3&#8243; _module_preset=&#8220;default&#8220; text_text_color=&#8220;#FFFFFF&#8220; hover_enabled=&#8220;0&#8243; global_colors_info=&#8220;{}&#8220; sticky_enabled=&#8220;0&#8243;]<\/p>\n<p>We design injection molding tools for all types of reflectors according to customer drawings.<\/p>\n<p>Our product range includes reflector systems for vehicle taillights, bicycle lights and guide posts for road boundaries, road marker reflectors and reflector warning triangles as well as reflector systems for light barriers and other technical applications, in accordance with various lighting requirements and regulations.<\/p>\n<p>[\/et_pb_text][\/et_pb_column][et_pb_column type=&#8220;1_2&#8243; _builder_version=&#8220;4.23.3&#8243; _module_preset=&#8220;default&#8220; global_colors_info=&#8220;{}&#8220;][et_pb_image src=&#8220;https:\/\/hkreflex.com\/wp-content\/uploads\/2024\/02\/Kunststoffspritzgusswerkzeug-fuer-Rueckstrahler-e1709028168369.png&#8220; title_text=&#8220;Kunststoffspritzgu\u00dfwerkzeug f\u00fcr R\u00fcckstrahler&#8220; align=&#8220;center&#8220; _builder_version=&#8220;4.23.3&#8243; _module_preset=&#8220;default&#8220; global_colors_info=&#8220;{}&#8220;][\/et_pb_image][\/et_pb_column][\/et_pb_row][\/et_pb_section]<\/p>","protected":false},"excerpt":{"rendered":"<p>Wir konstruieren nach Kundenzeichnungen Spritzgusswerkzeuge f\u00fcr R\u00fcckstrahler aller Art. Zu unserem Produktspektrum geh\u00f6ren R\u00fcckstrahlersysteme f\u00fcr Fahrzeugr\u00fcckleuchten, Fahrradbeleuchtung und Leitpfosten f\u00fcr Fahrbahnbegrenzungen, Stra\u00dfenmarkierungsr\u00fcckstrahler (Road-Marker) und R\u00fcckstrahler-Warndreiecke sowie R\u00fcckstrahlersysteme f\u00fcr Lichtschranken und andere technische Anwendungen, gem\u00e4\u00df verschiedenen lichttechnischen Anforderungen und Vorschriften.<\/p>","protected":false},"author":1,"featured_media":0,"parent":0,"menu_order":0,"comment_status":"closed","ping_status":"closed","template":"","meta":{"_et_pb_use_builder":"on","_et_pb_old_content":"<!-- wp:divi\/placeholder \/-->","_et_gb_content_width":"","footnotes":""},"class_list":["post-42","page","type-page","status-publish","hentry"],"_links":{"self":[{"href":"https:\/\/hkreflex.com\/en_en\/wp-json\/wp\/v2\/pages\/42","targetHints":{"allow":["GET"]}}],"collection":[{"href":"https:\/\/hkreflex.com\/en_en\/wp-json\/wp\/v2\/pages"}],"about":[{"href":"https:\/\/hkreflex.com\/en_en\/wp-json\/wp\/v2\/types\/page"}],"author":[{"embeddable":true,"href":"https:\/\/hkreflex.com\/en_en\/wp-json\/wp\/v2\/users\/1"}],"replies":[{"embeddable":true,"href":"https:\/\/hkreflex.com\/en_en\/wp-json\/wp\/v2\/comments?post=42"}],"version-history":[{"count":10,"href":"https:\/\/hkreflex.com\/en_en\/wp-json\/wp\/v2\/pages\/42\/revisions"}],"predecessor-version":[{"id":1163,"href":"https:\/\/hkreflex.com\/en_en\/wp-json\/wp\/v2\/pages\/42\/revisions\/1163"}],"wp:attachment":[{"href":"https:\/\/hkreflex.com\/en_en\/wp-json\/wp\/v2\/media?parent=42"}],"curies":[{"name":"wp","href":"https:\/\/api.w.org\/{rel}","templated":true}]}}