{"id":44,"date":"2023-12-29T16:59:18","date_gmt":"2023-12-29T16:59:18","guid":{"rendered":"https:\/\/hkreflex.flix-marketing.de\/?page_id=44"},"modified":"2024-04-09T09:09:47","modified_gmt":"2024-04-09T09:09:47","slug":"rueckstrahlerstudien","status":"publish","type":"page","link":"https:\/\/hkreflex.com\/en_en\/rueckstrahlerstudien\/","title":{"rendered":"R\u00fcckstrahler Studien"},"content":{"rendered":"<p>[et_pb_section fb_built=&#8220;1&#8243; fullwidth=&#8220;on&#8220; _builder_version=&#8220;4.23.3&#8243; _module_preset=&#8220;default&#8220; global_colors_info=&#8220;{}&#8220;][et_pb_fullwidth_slider _builder_version=&#8220;4.23.3&#8243; _module_preset=&#8220;default&#8220; header_text_align=&#8220;left&#8220; global_colors_info=&#8220;{}&#8220;][et_pb_slide heading=&#8220;R\u00fcckstrahlerstudien&#8220; _builder_version=&#8220;4.23.3&#8243; _module_preset=&#8220;default&#8220; background_enable_color=&#8220;off&#8220; background_image=&#8220;https:\/\/hkreflex.com\/wp-content\/uploads\/2024\/02\/HK-Refelx-hintergruende.png&#8220; background_enable_image=&#8220;on&#8220; global_colors_info=&#8220;{}&#8220; sticky_transition=&#8220;on&#8220;][\/et_pb_slide][\/et_pb_fullwidth_slider][\/et_pb_section][et_pb_section fb_built=&#8220;1&#8243; _builder_version=&#8220;4.23.3&#8243; _module_preset=&#8220;default&#8220; background_color=&#8220;#4C5454&#8243; background_enable_pattern_style=&#8220;on&#8220; background_pattern_style=&#8220;cubes&#8220; global_colors_info=&#8220;{}&#8220;][et_pb_row column_structure=&#8220;1_2,1_2&#8243; _builder_version=&#8220;4.23.3&#8243; _module_preset=&#8220;default&#8220; background_color=&#8220;rgba(0,0,0,0.4)&#8220; border_radii=&#8220;on|5px|5px|5px|5px&#8220; global_colors_info=&#8220;{}&#8220;][et_pb_column type=&#8220;1_2&#8243; _builder_version=&#8220;4.23.3&#8243; _module_preset=&#8220;default&#8220; global_colors_info=&#8220;{}&#8220;][et_pb_text _builder_version=&#8220;4.23.3&#8243; _module_preset=&#8220;default&#8220; text_text_color=&#8220;#FFFFFF&#8220; custom_margin=&#8220;80px||80px|30px|true|false&#8220; global_colors_info=&#8220;{}&#8220;]<\/p>\n<p>H&amp;K reflex provides services in the development of vehicle reflectors for customers in the field of vehicle lighting.<\/p>\n<p>We support our customers from the early stages of their product development with qualified studies to ensure that legal requirements are considered right from the start.<\/p>\n<p>[\/et_pb_text][\/et_pb_column][et_pb_column type=&#8220;1_2&#8243; _builder_version=&#8220;4.23.3&#8243; _module_preset=&#8220;default&#8220; global_colors_info=&#8220;{}&#8220;][et_pb_image src=&#8220;https:\/\/hkreflex.com\/wp-content\/uploads\/2024\/02\/Rueckstrahlermessung-1-scaled.jpg&#8220; title_text=&#8220;R\u00fcckstrahlermessung&#8220; align=&#8220;center&#8220; _builder_version=&#8220;4.23.3&#8243; _module_preset=&#8220;default&#8220; custom_margin=&#8220;|30px|||false|false&#8220; global_colors_info=&#8220;{}&#8220;][\/et_pb_image][\/et_pb_column][\/et_pb_row][\/et_pb_section]<\/p>","protected":false},"excerpt":{"rendered":"<p>H&amp;K reflex bietet Service in der Entwicklung von Fahrzeugr\u00fcckstrahlern f\u00fcr Kunden im Bereich Fahrzeugleuchten Wir unterst\u00fctzen unsere Kunden fr\u00fchzeitig bei Beginn der Entwicklung ihrer Produkte mit qualifizierten Studien, damit von Anfang an die gesetzlichen Anforderungen ber\u00fccksichtigt werden.<\/p>","protected":false},"author":1,"featured_media":0,"parent":0,"menu_order":0,"comment_status":"closed","ping_status":"closed","template":"","meta":{"_et_pb_use_builder":"on","_et_pb_old_content":"<!-- wp:divi\/placeholder \/-->","_et_gb_content_width":"","footnotes":""},"class_list":["post-44","page","type-page","status-publish","hentry"],"_links":{"self":[{"href":"https:\/\/hkreflex.com\/en_en\/wp-json\/wp\/v2\/pages\/44","targetHints":{"allow":["GET"]}}],"collection":[{"href":"https:\/\/hkreflex.com\/en_en\/wp-json\/wp\/v2\/pages"}],"about":[{"href":"https:\/\/hkreflex.com\/en_en\/wp-json\/wp\/v2\/types\/page"}],"author":[{"embeddable":true,"href":"https:\/\/hkreflex.com\/en_en\/wp-json\/wp\/v2\/users\/1"}],"replies":[{"embeddable":true,"href":"https:\/\/hkreflex.com\/en_en\/wp-json\/wp\/v2\/comments?post=44"}],"version-history":[{"count":10,"href":"https:\/\/hkreflex.com\/en_en\/wp-json\/wp\/v2\/pages\/44\/revisions"}],"predecessor-version":[{"id":1188,"href":"https:\/\/hkreflex.com\/en_en\/wp-json\/wp\/v2\/pages\/44\/revisions\/1188"}],"wp:attachment":[{"href":"https:\/\/hkreflex.com\/en_en\/wp-json\/wp\/v2\/media?parent=44"}],"curies":[{"name":"wp","href":"https:\/\/api.w.org\/{rel}","templated":true}]}}