{"id":72,"date":"2023-12-29T17:07:42","date_gmt":"2023-12-29T17:07:42","guid":{"rendered":"https:\/\/hkreflex.flix-marketing.de\/?page_id=72"},"modified":"2024-04-10T10:39:11","modified_gmt":"2024-04-10T10:39:11","slug":"messgeraet","status":"publish","type":"page","link":"https:\/\/hkreflex.com\/en_en\/messgeraet\/","title":{"rendered":"Measuring Device"},"content":{"rendered":"<p>[et_pb_section fb_built=&#8220;1&#8243; fullwidth=&#8220;on&#8220; _builder_version=&#8220;4.23.3&#8243; _module_preset=&#8220;default&#8220; background_color=&#8220;RGBA(255,255,255,0)&#8220; global_colors_info=&#8220;{}&#8220;][et_pb_fullwidth_slider _builder_version=&#8220;4.23.3&#8243; _module_preset=&#8220;default&#8220; background_color=&#8220;RGBA(255,255,255,0)&#8220; global_colors_info=&#8220;{}&#8220;][et_pb_slide heading=&#8220;H&#038;K reflex Tester\/ Comparator HKRT1&#8243; _builder_version=&#8220;4.23.3&#8243; _module_preset=&#8220;default&#8220; header_text_align=&#8220;left&#8220; background_color=&#8220;RGBA(255,255,255,0)&#8220; background_enable_color=&#8220;on&#8220; background_image=&#8220;https:\/\/hkreflex.com\/wp-content\/uploads\/2024\/02\/18-e1709286670244.png&#8220; background_enable_image=&#8220;on&#8220; global_colors_info=&#8220;{}&#8220; sticky_transition=&#8220;on&#8220;][\/et_pb_slide][\/et_pb_fullwidth_slider][\/et_pb_section][et_pb_section fb_built=&#8220;1&#8243; _builder_version=&#8220;4.23.3&#8243; _module_preset=&#8220;default&#8220; background_color=&#8220;#4C5454&#8243; background_enable_pattern_style=&#8220;on&#8220; background_pattern_style=&#8220;cubes&#8220; custom_padding=&#8220;0px|||||&#8220; global_colors_info=&#8220;{}&#8220;][et_pb_row column_structure=&#8220;3_5,2_5&#8243; _builder_version=&#8220;4.23.3&#8243; _module_preset=&#8220;default&#8220; global_colors_info=&#8220;{}&#8220;][et_pb_column type=&#8220;3_5&#8243; _builder_version=&#8220;4.23.3&#8243; _module_preset=&#8220;default&#8220; global_colors_info=&#8220;{}&#8220;][et_pb_heading title=&#8220;H&#038;K reflex Tester\/ Comparator HKRT1&#8243; _builder_version=&#8220;4.23.3&#8243; _module_preset=&#8220;default&#8220; title_text_color=&#8220;#FFFFFF&#8220; global_colors_info=&#8220;{}&#8220;][\/et_pb_heading][et_pb_text _builder_version=&#8220;4.23.3&#8243; _module_preset=&#8220;default&#8220; text_text_color=&#8220;#FFFFFF&#8220; global_colors_info=&#8220;{}&#8220;]<\/p>\n<p><span>Compact - Space-saving reflex testing device that is easy to set up and use. <\/span><\/p>\n<p><span>Portable - Can be easily transported to various locations.<\/span><\/p>\n<p><span> Time-saving -  Quick sample checks reduce the lengthy need to regularly send reflex \nreflectors to a remote testing facility. <\/span><\/p>\n<p><span>Eliminate rejected parts by determining during production whether parts meet or exceed \nspecification.<\/span><\/p>\n<p>[\/et_pb_text][\/et_pb_column][et_pb_column type=&#8220;2_5&#8243; _builder_version=&#8220;4.23.3&#8243; _module_preset=&#8220;default&#8220; global_colors_info=&#8220;{}&#8220;][et_pb_image src=&#8220;https:\/\/hkreflex.com\/wp-content\/uploads\/2024\/01\/P1000162.jpg&#8220; title_text=&#8220;P1000162&#8243; _builder_version=&#8220;4.23.3&#8243; _module_preset=&#8220;default&#8220; global_colors_info=&#8220;{}&#8220;][\/et_pb_image][\/et_pb_column][\/et_pb_row][et_pb_row _builder_version=&#8220;4.23.3&#8243; _module_preset=&#8220;default&#8220; custom_padding=&#8220;||118px|||&#8220; global_colors_info=&#8220;{}&#8220;][et_pb_column type=&#8220;4_4&#8243; _builder_version=&#8220;4.23.3&#8243; _module_preset=&#8220;default&#8220; global_colors_info=&#8220;{}&#8220;][et_pb_text _builder_version=&#8220;4.23.3&#8243; _module_preset=&#8220;default&#8220; text_text_color=&#8220;#FFFFFF&#8220; global_colors_info=&#8220;{}&#8220;]<\/p>\n<p><strong>Product overview<\/strong><\/p>\n<p>[\/et_pb_text][et_pb_image src=&#8220;https:\/\/hkreflex.com\/wp-content\/uploads\/2024\/01\/P1000174copy3b-scaled.jpg&#8220; title_text=&#8220;P1000174copy3b&#8220; _builder_version=&#8220;4.23.3&#8243; _module_preset=&#8220;default&#8220; global_colors_info=&#8220;{}&#8220;][\/et_pb_image][et_pb_text _builder_version=&#8220;4.23.3&#8243; _module_preset=&#8220;default&#8220; text_text_color=&#8220;#FFFFFF&#8220; header_text_color=&#8220;#FFFFFF&#8220; global_colors_info=&#8220;{}&#8220;]<\/p>\n<p><strong>Specifications:<\/strong><br \/>Measuring distance: 1430 mm, blue line in the photo<br \/>For further details and dimensions, please contact us.<\/p>\n<p>[\/et_pb_text][\/et_pb_column][\/et_pb_row][\/et_pb_section]<\/p>","protected":false},"excerpt":{"rendered":"<p>Kompakt \u2013 Platzsparendes Reflexpr\u00fcfger\u00e4t, das einfach aufzubauen und zu verwenden ist. Tragbar \u2013 Kann leicht an verschiedene Orte transportiert werden. Zeitsparend \u2013 Schnelle Stichprobenkontrollen reduzieren die F\u00e4lle, in denen R\u00fcckstrahler regelm\u00e4\u00dfig an eine Pr\u00fcfanlage gesendet werden m\u00fcssen. Reduziert Ausschussteile \u2013 Schnell feststellen, ob Teile den Spezifikationen entsprechen, um die Produktion von Ausschuss zu vermeiden.Produkt\u00fcbersicht:Spezifikationen:Messabstand: 1430 [&hellip;]<\/p>","protected":false},"author":1,"featured_media":0,"parent":0,"menu_order":0,"comment_status":"closed","ping_status":"closed","template":"","meta":{"_et_pb_use_builder":"on","_et_pb_old_content":"<!-- wp:divi\/placeholder \/-->","_et_gb_content_width":"","footnotes":""},"class_list":["post-72","page","type-page","status-publish","hentry"],"_links":{"self":[{"href":"https:\/\/hkreflex.com\/en_en\/wp-json\/wp\/v2\/pages\/72","targetHints":{"allow":["GET"]}}],"collection":[{"href":"https:\/\/hkreflex.com\/en_en\/wp-json\/wp\/v2\/pages"}],"about":[{"href":"https:\/\/hkreflex.com\/en_en\/wp-json\/wp\/v2\/types\/page"}],"author":[{"embeddable":true,"href":"https:\/\/hkreflex.com\/en_en\/wp-json\/wp\/v2\/users\/1"}],"replies":[{"embeddable":true,"href":"https:\/\/hkreflex.com\/en_en\/wp-json\/wp\/v2\/comments?post=72"}],"version-history":[{"count":16,"href":"https:\/\/hkreflex.com\/en_en\/wp-json\/wp\/v2\/pages\/72\/revisions"}],"predecessor-version":[{"id":1193,"href":"https:\/\/hkreflex.com\/en_en\/wp-json\/wp\/v2\/pages\/72\/revisions\/1193"}],"wp:attachment":[{"href":"https:\/\/hkreflex.com\/en_en\/wp-json\/wp\/v2\/media?parent=72"}],"curies":[{"name":"wp","href":"https:\/\/api.w.org\/{rel}","templated":true}]}}